{"id":1776,"date":"2021-08-27T10:26:37","date_gmt":"2021-08-27T10:26:37","guid":{"rendered":"http:\/\/www.protes.com.tr\/?page_id=1776"},"modified":"2021-08-27T10:26:37","modified_gmt":"2021-08-27T10:26:37","slug":"faaliyet-alanlarimiz","status":"publish","type":"page","link":"http:\/\/www.protes.com.tr\/index.php\/faaliyet-alanlarimiz\/","title":{"rendered":"FAAL\u0130YET ALANLARIMIZ"},"content":{"rendered":"\n<figure class=\"wp-block-image size-full\"><img loading=\"lazy\" width=\"984\" height=\"300\" src=\"http:\/\/www.protes.com.tr\/wp-content\/uploads\/2021\/08\/faaliyet-1.png\" alt=\"\" class=\"wp-image-1610\" srcset=\"http:\/\/www.protes.com.tr\/wp-content\/uploads\/2021\/08\/faaliyet-1.png 984w, http:\/\/www.protes.com.tr\/wp-content\/uploads\/2021\/08\/faaliyet-1-300x91.png 300w, http:\/\/www.protes.com.tr\/wp-content\/uploads\/2021\/08\/faaliyet-1-768x234.png 768w\" sizes=\"(max-width: 984px) 100vw, 984px\" \/><\/figure>\n\n\n\n<p class=\"has-text-align-center has-large-font-size\"><strong>Orta Gerilim<\/strong><\/p>\n\n\n\n<ul><li>Enerji Nakil Hatlar\u0131<\/li><li>\u0130ndirme Merkezleri<\/li><li>Trafo Merkezleri<\/li><\/ul>\n\n\n\n<figure class=\"wp-block-image size-full\"><img loading=\"lazy\" width=\"982\" height=\"299\" src=\"http:\/\/www.protes.com.tr\/wp-content\/uploads\/2021\/08\/faaliyet-2.png\" alt=\"\" class=\"wp-image-1609\" srcset=\"http:\/\/www.protes.com.tr\/wp-content\/uploads\/2021\/08\/faaliyet-2.png 982w, http:\/\/www.protes.com.tr\/wp-content\/uploads\/2021\/08\/faaliyet-2-300x91.png 300w, http:\/\/www.protes.com.tr\/wp-content\/uploads\/2021\/08\/faaliyet-2-768x234.png 768w\" sizes=\"(max-width: 982px) 100vw, 982px\" \/><\/figure>\n\n\n\n<p class=\"has-text-align-center has-large-font-size\"><strong>Al\u00e7ak Gerilim<\/strong><\/p>\n\n\n\n<ul><li>\u0130\u015f Merkezi, Avm, Hastane, Okul, Ofis Binalar\u0131, Toplu Konutlar, Tiyatro ve Sinema Salonlar\u0131 Ayd\u0131nlatma Priz ve G\u00fc\u00e7 Tesisatlar\u0131, Generat\u00f6r ve UPS Tesisatlar\u0131<\/li><li>Otoyol, \u00c7evreyolu, Cadde, Sokak, Park ve Bah\u00e7e Ayd\u0131nlatmas\u0131<\/li><li>Fabrika Enerji Da\u011f\u0131t\u0131m Tesisatlar\u0131, Ex Proof Da\u011f\u0131t\u0131m Tesisatlar\u0131<\/li><li>Tarihi Binalar Ayd\u0131nlatmas\u0131<\/li><li>\u0130\u015f Merkezi, AVM, Hastane, Okul Binalar\u0131 Cephe Ayd\u0131nlatmas\u0131<\/li><li>Cadde ve Sokak Festival Ayd\u0131nlatmas\u0131<\/li><li>AVM ve \u0130\u015f Merkezleri Festival Ayd\u0131nlatmas\u0131<\/li><li>Ana Da\u011f\u0131t\u0131m, Kompanzasyon, Otomasyon, MCC Panolar\u0131, Kompanzasyon Takibi<\/li><\/ul>\n\n\n\n<figure class=\"wp-block-image size-full\"><img loading=\"lazy\" width=\"919\" height=\"295\" src=\"http:\/\/www.protes.com.tr\/wp-content\/uploads\/2021\/08\/faaliyet3.png\" alt=\"\" class=\"wp-image-1608\" srcset=\"http:\/\/www.protes.com.tr\/wp-content\/uploads\/2021\/08\/faaliyet3.png 919w, http:\/\/www.protes.com.tr\/wp-content\/uploads\/2021\/08\/faaliyet3-300x96.png 300w, http:\/\/www.protes.com.tr\/wp-content\/uploads\/2021\/08\/faaliyet3-768x247.png 768w\" sizes=\"(max-width: 919px) 100vw, 919px\" \/><\/figure>\n\n\n\n<p class=\"has-text-align-center has-large-font-size\"><strong>Zay\u0131f Ak\u0131m<\/strong><\/p>\n\n\n\n<ul><li>Telefon ve Data Sistemleri<\/li><li>Yang\u0131n \u0130hbar Sistemleri<\/li><li>Seslendirme ve Acil Anons Sistemleri<\/li><li>Bina Otomasyon Sistemleri<\/li><li>Ayd\u0131nlatma Otomasyonu<\/li><li>Ev Otomasyon Sistemleri<\/li><li>Hastane ve Okul Merkezi Saat Sistemleri<\/li><li>Hem\u015fire \u00c7a\u011fr\u0131 Sistemleri<\/li><li>M\u00fc\u015fteri Takip Sistemleri<\/li><li>Konvansiyonel ve IP CCTV Sistemleri<\/li><li>Bina G\u00fcvenlik Sistemleri<\/li><li>Kartl\u0131 Ge\u00e7i\u015f Sistemleri<\/li><li>Merkezi Uydu ve TV Sistemleri<\/li><li>G\u00f6r\u00fcnt\u00fcl\u00fc Duafon Sistemleri<\/li><li>Enerji Y\u00f6netim Sistemleri<\/li><\/ul>\n","protected":false},"excerpt":{"rendered":"<p>Orta Gerilim Enerji Nakil Hatlar\u0131 \u0130ndirme Merkezleri Trafo Merkezleri Al\u00e7ak Gerilim \u0130\u015f Merkezi, Avm, Hastane, Okul, Ofis Binalar\u0131, Toplu Konutlar, Tiyatro ve Sinema Salonlar\u0131 Ayd\u0131nlatma Priz ve G\u00fc\u00e7 Tesisatlar\u0131, Generat\u00f6r &#8230;<\/p>\n","protected":false},"author":1,"featured_media":0,"parent":0,"menu_order":0,"comment_status":"closed","ping_status":"closed","template":"","meta":[],"_links":{"self":[{"href":"http:\/\/www.protes.com.tr\/index.php\/wp-json\/wp\/v2\/pages\/1776"}],"collection":[{"href":"http:\/\/www.protes.com.tr\/index.php\/wp-json\/wp\/v2\/pages"}],"about":[{"href":"http:\/\/www.protes.com.tr\/index.php\/wp-json\/wp\/v2\/types\/page"}],"author":[{"embeddable":true,"href":"http:\/\/www.protes.com.tr\/index.php\/wp-json\/wp\/v2\/users\/1"}],"replies":[{"embeddable":true,"href":"http:\/\/www.protes.com.tr\/index.php\/wp-json\/wp\/v2\/comments?post=1776"}],"version-history":[{"count":1,"href":"http:\/\/www.protes.com.tr\/index.php\/wp-json\/wp\/v2\/pages\/1776\/revisions"}],"predecessor-version":[{"id":1778,"href":"http:\/\/www.protes.com.tr\/index.php\/wp-json\/wp\/v2\/pages\/1776\/revisions\/1778"}],"wp:attachment":[{"href":"http:\/\/www.protes.com.tr\/index.php\/wp-json\/wp\/v2\/media?parent=1776"}],"curies":[{"name":"wp","href":"https:\/\/api.w.org\/{rel}","templated":true}]}}