{"id":1763,"date":"2021-08-27T08:51:35","date_gmt":"2021-08-27T08:51:35","guid":{"rendered":"http:\/\/www.protes.com.tr\/?page_id=1763"},"modified":"2021-08-27T08:51:36","modified_gmt":"2021-08-27T08:51:36","slug":"diger","status":"publish","type":"page","link":"http:\/\/www.protes.com.tr\/index.php\/diger\/","title":{"rendered":"D\u0130\u011eER"},"content":{"rendered":"\n<figure class=\"wp-block-image size-full\"><img loading=\"lazy\" width=\"990\" height=\"409\" src=\"http:\/\/www.protes.com.tr\/wp-content\/uploads\/2021\/08\/diger-1.png\" alt=\"\" class=\"wp-image-1765\" srcset=\"http:\/\/www.protes.com.tr\/wp-content\/uploads\/2021\/08\/diger-1.png 990w, http:\/\/www.protes.com.tr\/wp-content\/uploads\/2021\/08\/diger-1-300x124.png 300w, http:\/\/www.protes.com.tr\/wp-content\/uploads\/2021\/08\/diger-1-768x317.png 768w\" sizes=\"(max-width: 990px) 100vw, 990px\" \/><\/figure>\n\n\n\n<ol><li>TAISEI CORPORATION &#8211; \u0130stanbul Marmaray Projesi kapsam\u0131nda kullan\u0131lan gemi ve platformlar\u0131n komple elektrik tesisat\u0131<\/li><li>TURYAP YAPI \/ \u0130STANBUL ULA\u015eIM A.\u015e. METRO \u0130STAYONLARI &#8211; \u0130stanbul Ula\u015f\u0131m A.\u015e. Avrupa Yakas\u0131 Metro \u0130stasyonlar\u0131 Kiral\u0131k Alanlar Elektrik Tesisat \u0130\u015fleri<\/li><li>AKASYA AVM FEST\u0130VAL AYDINLATMASI &#8211; AVM Festival Ayd\u0131nlatma \u0130\u015fleri<\/li><li>AKMERKEZ AVM FEST\u0130VAL AYDINLATMASI &#8211; AVM Y\u0131lba\u015f\u0131 Festival Ayd\u0131nlatma \u0130\u015fleri<\/li><li>BURSA ANATOLIUM AVM FEST\u0130VAL AYDINLATMASI &#8211; AVM Y\u0131lba\u015f\u0131 Festival Ayd\u0131nlatma \u0130\u015fleri<\/li><li>FORUM TRABZON AVM FEST\u0130VAL AYDINLATMASI &#8211; AVM Y\u0131lba\u015f\u0131 Festival Ayd\u0131nlatma \u0130\u015fleri<\/li><li>VAKKO MA\u011eAZALARI FEST\u0130VAL AYDINLATMASI &#8211; Ma\u011fazalar Y\u0131lba\u015f\u0131 Festival Ayd\u0131nlatma \u0130\u015fleri<\/li><li>DUBAI ULUSLARARASI HAVAALANI &#8211; Y\u0131lba\u015f\u0131 Festival Ayd\u0131nlatma \u0130\u015fleri<\/li><\/ol>\n","protected":false},"excerpt":{"rendered":"<p>TAISEI CORPORATION &#8211; \u0130stanbul Marmaray Projesi kapsam\u0131nda kullan\u0131lan gemi ve platformlar\u0131n komple elektrik tesisat\u0131 TURYAP YAPI \/ \u0130STANBUL ULA\u015eIM A.\u015e. METRO \u0130STAYONLARI &#8211; \u0130stanbul Ula\u015f\u0131m A.\u015e. Avrupa Yakas\u0131 Metro \u0130stasyonlar\u0131 &#8230;<\/p>\n","protected":false},"author":1,"featured_media":0,"parent":0,"menu_order":0,"comment_status":"closed","ping_status":"closed","template":"","meta":[],"_links":{"self":[{"href":"http:\/\/www.protes.com.tr\/index.php\/wp-json\/wp\/v2\/pages\/1763"}],"collection":[{"href":"http:\/\/www.protes.com.tr\/index.php\/wp-json\/wp\/v2\/pages"}],"about":[{"href":"http:\/\/www.protes.com.tr\/index.php\/wp-json\/wp\/v2\/types\/page"}],"author":[{"embeddable":true,"href":"http:\/\/www.protes.com.tr\/index.php\/wp-json\/wp\/v2\/users\/1"}],"replies":[{"embeddable":true,"href":"http:\/\/www.protes.com.tr\/index.php\/wp-json\/wp\/v2\/comments?post=1763"}],"version-history":[{"count":1,"href":"http:\/\/www.protes.com.tr\/index.php\/wp-json\/wp\/v2\/pages\/1763\/revisions"}],"predecessor-version":[{"id":1766,"href":"http:\/\/www.protes.com.tr\/index.php\/wp-json\/wp\/v2\/pages\/1763\/revisions\/1766"}],"wp:attachment":[{"href":"http:\/\/www.protes.com.tr\/index.php\/wp-json\/wp\/v2\/media?parent=1763"}],"curies":[{"name":"wp","href":"https:\/\/api.w.org\/{rel}","templated":true}]}}