{"id":1756,"date":"2021-08-27T08:43:31","date_gmt":"2021-08-27T08:43:31","guid":{"rendered":"http:\/\/www.protes.com.tr\/?page_id=1756"},"modified":"2021-08-27T08:43:32","modified_gmt":"2021-08-27T08:43:32","slug":"oteller-konutlar","status":"publish","type":"page","link":"http:\/\/www.protes.com.tr\/index.php\/oteller-konutlar\/","title":{"rendered":"OTELLER &#8211; KONUTLAR"},"content":{"rendered":"\n<figure class=\"wp-block-image size-full\"><img loading=\"lazy\" width=\"991\" height=\"411\" src=\"http:\/\/www.protes.com.tr\/wp-content\/uploads\/2021\/08\/oteller-konutlar-1.png\" alt=\"\" class=\"wp-image-1758\" srcset=\"http:\/\/www.protes.com.tr\/wp-content\/uploads\/2021\/08\/oteller-konutlar-1.png 991w, http:\/\/www.protes.com.tr\/wp-content\/uploads\/2021\/08\/oteller-konutlar-1-300x124.png 300w, http:\/\/www.protes.com.tr\/wp-content\/uploads\/2021\/08\/oteller-konutlar-1-768x319.png 768w\" sizes=\"(max-width: 991px) 100vw, 991px\" \/><\/figure>\n\n\n\n<ol><li>TURYAP TARLABA\u015eI 3T RESIDENCE &#8211; Yang\u0131n Alarm, Ayd\u0131nlatma ve Kuvvet Tesisat\u0131<\/li><li>TURYAP BE\u015e\u0130KTA\u015e APART OTEL &#8211; Yang\u0131n Alarm, Ayd\u0131nlatma ve Kuvvet Tesisat\u0131<\/li><li>FETH\u0130YE YANIKLAR RESIDENCE \/ FETH\u0130YE &#8211; Zay\u0131f Ak\u0131m ve Kuvvetli Ak\u0131m Tesisat\u0131 \u0130\u015fleri<\/li><li>KONUKO\u011eLU YALISI \/ \u0130STANBUL &#8211; Zay\u0131f Ak\u0131m ve Kuvvetli Ak\u0131m Tesisat\u0131 \u0130\u015fleri<\/li><li>LEYLA &#8211; HULK\u0130 KURAL V\u0130LLASI \/ \u015e\u0130LE &#8211; Zay\u0131f Ak\u0131m ve Kuvvetli Ak\u0131m Tesisat\u0131 \u0130\u015fleri<\/li><li>ALKOP CAM\u0130\u0130 Had\u0131mk\u00f6y \/ \u0130STANBUL &#8211; Zay\u0131f Ak\u0131m ve Kuvvetli Ak\u0131m Tesisat\u0131 \u0130\u015fleri<\/li><li>DENGE \u0130N\u015eAAT Konut Projesi Kad\u0131k\u00f6y \/ \u0130STANBUL &#8211; Zay\u0131f Ak\u0131m ve Kuvvetli Ak\u0131m Tesisat\u0131 \u0130\u015fler<\/li><li>CENEV\u0130Z GAYR\u0130MENKUL Konut Projesi Galata \/ \u0130STANBUL &#8211; Zay\u0131f Ak\u0131m ve Kuvvetli Ak\u0131m Tesisat\u0131 \u0130\u015fleri<\/li><li>EL\u0130F &#8211; MURAT ERYILMAZ V\u0130LLASI \/ BOLLUCA &#8211; Zay\u0131f Ak\u0131m ve Kuvvetli Ak\u0131m Tesisat\u0131 \u0130\u015fleri<\/li><li>S\u00dcMB\u00dcL &#8211; MURAT TOPAL V\u0130LLASI \/ NAKKA\u015eTEPE &#8211; Zay\u0131f Ak\u0131m ve Kuvvetli Ak\u0131m Tesisat\u0131 \u0130\u015fleri<\/li><\/ol>\n","protected":false},"excerpt":{"rendered":"<p>TURYAP TARLABA\u015eI 3T RESIDENCE &#8211; Yang\u0131n Alarm, Ayd\u0131nlatma ve Kuvvet Tesisat\u0131 TURYAP BE\u015e\u0130KTA\u015e APART OTEL &#8211; Yang\u0131n Alarm, Ayd\u0131nlatma ve Kuvvet Tesisat\u0131 FETH\u0130YE YANIKLAR RESIDENCE \/ FETH\u0130YE &#8211; Zay\u0131f Ak\u0131m &#8230;<\/p>\n","protected":false},"author":1,"featured_media":0,"parent":0,"menu_order":0,"comment_status":"closed","ping_status":"closed","template":"","meta":[],"_links":{"self":[{"href":"http:\/\/www.protes.com.tr\/index.php\/wp-json\/wp\/v2\/pages\/1756"}],"collection":[{"href":"http:\/\/www.protes.com.tr\/index.php\/wp-json\/wp\/v2\/pages"}],"about":[{"href":"http:\/\/www.protes.com.tr\/index.php\/wp-json\/wp\/v2\/types\/page"}],"author":[{"embeddable":true,"href":"http:\/\/www.protes.com.tr\/index.php\/wp-json\/wp\/v2\/users\/1"}],"replies":[{"embeddable":true,"href":"http:\/\/www.protes.com.tr\/index.php\/wp-json\/wp\/v2\/comments?post=1756"}],"version-history":[{"count":1,"href":"http:\/\/www.protes.com.tr\/index.php\/wp-json\/wp\/v2\/pages\/1756\/revisions"}],"predecessor-version":[{"id":1759,"href":"http:\/\/www.protes.com.tr\/index.php\/wp-json\/wp\/v2\/pages\/1756\/revisions\/1759"}],"wp:attachment":[{"href":"http:\/\/www.protes.com.tr\/index.php\/wp-json\/wp\/v2\/media?parent=1756"}],"curies":[{"name":"wp","href":"https:\/\/api.w.org\/{rel}","templated":true}]}}