{"id":1753,"date":"2021-08-27T08:24:06","date_gmt":"2021-08-27T08:24:06","guid":{"rendered":"http:\/\/www.protes.com.tr\/?page_id=1753"},"modified":"2021-08-27T08:24:06","modified_gmt":"2021-08-27T08:24:06","slug":"endustriyel-tesisler-2","status":"publish","type":"page","link":"http:\/\/www.protes.com.tr\/index.php\/endustriyel-tesisler-2\/","title":{"rendered":"END\u00dcSTR\u0130YEL TES\u0130SLER"},"content":{"rendered":"\n<figure class=\"wp-block-image size-full\"><img loading=\"lazy\" width=\"992\" height=\"417\" src=\"http:\/\/www.protes.com.tr\/wp-content\/uploads\/2021\/08\/endustriyel-tesisler-1.png\" alt=\"\" class=\"wp-image-1754\" srcset=\"http:\/\/www.protes.com.tr\/wp-content\/uploads\/2021\/08\/endustriyel-tesisler-1.png 992w, http:\/\/www.protes.com.tr\/wp-content\/uploads\/2021\/08\/endustriyel-tesisler-1-300x126.png 300w, http:\/\/www.protes.com.tr\/wp-content\/uploads\/2021\/08\/endustriyel-tesisler-1-768x323.png 768w\" sizes=\"(max-width: 992px) 100vw, 992px\" \/><\/figure>\n\n\n\n<ol><li>HACI AYVAZ FABR\u0130KA B\u0130NASI \u2013 Had\u0131mk\u00f6y \/ \u0130STANBUL<\/li><li>LUCCE VITA Tekstil Deposu \u2013 Beylikd\u00fcz\u00fc \/ \u0130STANBUL<\/li><li>PETROL OF\u0130S\u0130 A.\u015e. DOLUM TES\u0130SLER\u0130 Ar\u0131tma Tesislerinin Yenilemesi ve Renovasyonu<ul><li>Alia\u011fa \u2013 \u0130ZM\u0130R<\/li><li>Derince \u2013 \u0130ZM\u0130T<\/li><li>Haramidere \u2013 \u0130STANBUL<\/li><li>Mudanya \u2013 BURSA<\/li><li>\u0130skenderun \u2013 HATAY<\/li><li>Tarsus \u2013 MERS\u0130N<\/li><li>SAMSUN<\/li><li>TRABZON<\/li><\/ul><\/li><li>\u00c7ANAKKALE DARDANEL FABR\u0130KASI &#8211; \u00c7ANAKKALE &#8211; Do\u011falgaz Bas\u0131n\u00e7 D\u00fc\u015f\u00fcrme \u0130stasyonu ( RMS \u2013 A )<\/li><li>PROCTER &amp; GAMBLE Depo Binas\u0131 \u2013 \u015eekerp\u0131nar \/ GEBZE<\/li><li>JUMBO \u00c7atal B\u0131\u00e7ak Fabrikas\u0131 &#8211; Bayrampa\u015fa \/ \u0130STANBUL &#8211; Hidrojen Tank\u0131 Exproof Tesisat\u0131 ve Yang\u0131n Alarm &#8211; Karbondioksitli S\u00f6nd\u00fcrme Sistemler<\/li><li>MAV\u0130 JEANS \u00c7erkezk\u00f6y Fabrikas\u0131 &#8211; \u00c7ORLU &#8211; Do\u011falgaz Bas\u0131n\u00e7 D\u00fc\u015f\u00fcrme \u0130stasyonu ( RMS \u2013 A )<\/li><li>SARAY D\u00d6K\u00dcM \u00c7erkezk\u00f6y Fabrikas\u0131 &#8211; \u00c7ORLU &#8211; Do\u011falgaz Bas\u0131n\u00e7 D\u00fc\u015f\u00fcrme \u0130stasyonu ( RMS \u2013 A )<\/li><li>ALKAN K\u0130MYA \u2013 Davutpa\u015fa \/ \u0130STANBUL &#8211; Reverse Ozmoz Sistemi Otomasyon ve Elektrifikasyonu<\/li><li>EXEL LOGISTIC \u2013 Had\u0131mk\u00f6y \/ \u0130STANBUL &#8211; Had\u0131mk\u00f6y Deposu Elektrik Tesisat\u0131 \u0130\u015fleri<\/li><li>\u015e\u0130LE ZAMBAK SU DOLUM TES\u0130SLER\u0130 &#8211; Elektrik Tesisat\u0131 \u0130\u015fleri ( Kuvvetli Ak\u0131m Tesisat\u0131 )<\/li><li>H\u0130LAL AL\u00dcM\u0130NYUM &#8211; ED\u0130RNE &#8211; Hilal Al\u00fcminyum Edirne Tesisleri Elektrik Tesisat\u0131 \u0130\u015fler<\/li><li>S\u0130MBAT CAM &#8211; Selimpa\u015fa \/ \u0130STANBUL &#8211; Elektrik Tesisat\u0131 \u0130\u015fleri<\/li><li>URT\u0130M KALIP Had\u0131mk\u00f6y \/ \u0130STANBUL &#8211; Elektrik Tesisat\u0131 \u0130\u015fleri<\/li><li>PULVER K\u0130MYA Gebze \/ KOCAEL\u0130 &#8211; Yang\u0131n \u0130hbar Sistemi<\/li><\/ol>\n","protected":false},"excerpt":{"rendered":"<p>HACI AYVAZ FABR\u0130KA B\u0130NASI \u2013 Had\u0131mk\u00f6y \/ \u0130STANBUL LUCCE VITA Tekstil Deposu \u2013 Beylikd\u00fcz\u00fc \/ \u0130STANBUL PETROL OF\u0130S\u0130 A.\u015e. DOLUM TES\u0130SLER\u0130 Ar\u0131tma Tesislerinin Yenilemesi ve Renovasyonu Alia\u011fa \u2013 \u0130ZM\u0130R Derince &#8230;<\/p>\n","protected":false},"author":1,"featured_media":0,"parent":0,"menu_order":0,"comment_status":"closed","ping_status":"closed","template":"","meta":[],"_links":{"self":[{"href":"http:\/\/www.protes.com.tr\/index.php\/wp-json\/wp\/v2\/pages\/1753"}],"collection":[{"href":"http:\/\/www.protes.com.tr\/index.php\/wp-json\/wp\/v2\/pages"}],"about":[{"href":"http:\/\/www.protes.com.tr\/index.php\/wp-json\/wp\/v2\/types\/page"}],"author":[{"embeddable":true,"href":"http:\/\/www.protes.com.tr\/index.php\/wp-json\/wp\/v2\/users\/1"}],"replies":[{"embeddable":true,"href":"http:\/\/www.protes.com.tr\/index.php\/wp-json\/wp\/v2\/comments?post=1753"}],"version-history":[{"count":2,"href":"http:\/\/www.protes.com.tr\/index.php\/wp-json\/wp\/v2\/pages\/1753\/revisions"}],"predecessor-version":[{"id":1777,"href":"http:\/\/www.protes.com.tr\/index.php\/wp-json\/wp\/v2\/pages\/1753\/revisions\/1777"}],"wp:attachment":[{"href":"http:\/\/www.protes.com.tr\/index.php\/wp-json\/wp\/v2\/media?parent=1753"}],"curies":[{"name":"wp","href":"https:\/\/api.w.org\/{rel}","templated":true}]}}