{"id":1750,"date":"2021-08-27T08:17:28","date_gmt":"2021-08-27T08:17:28","guid":{"rendered":"http:\/\/www.protes.com.tr\/?page_id=1750"},"modified":"2021-08-27T08:17:29","modified_gmt":"2021-08-27T08:17:29","slug":"park-ve-bahceler","status":"publish","type":"page","link":"http:\/\/www.protes.com.tr\/index.php\/park-ve-bahceler\/","title":{"rendered":"PARK VE BAH\u00c7ELER"},"content":{"rendered":"\n<figure class=\"wp-block-image size-full\"><img loading=\"lazy\" width=\"991\" height=\"413\" src=\"http:\/\/www.protes.com.tr\/wp-content\/uploads\/2021\/08\/park-ve-bahceler-1.png\" alt=\"\" class=\"wp-image-1751\" srcset=\"http:\/\/www.protes.com.tr\/wp-content\/uploads\/2021\/08\/park-ve-bahceler-1.png 991w, http:\/\/www.protes.com.tr\/wp-content\/uploads\/2021\/08\/park-ve-bahceler-1-300x125.png 300w, http:\/\/www.protes.com.tr\/wp-content\/uploads\/2021\/08\/park-ve-bahceler-1-768x320.png 768w\" sizes=\"(max-width: 991px) 100vw, 991px\" \/><\/figure>\n\n\n\n<ol><li>M\u0130N\u0130A T\u00dcRK M\u0130N\u0130 T\u00dcRK\u0130YE PARKI PROJES\u0130<\/li><li>B\u00dcY\u00dcK\u015eEH\u0130R BELED\u0130YES\u0130 Park Ve Bah\u00e7eler M\u00fcd\u00fcrl\u00fc\u011f\u00fc &#8211; \u0130STANBUL &#8211; Ye\u015fil Alan , Park ve Meydan Ayd\u0131nlatmalar\u0131 Revizyonu<ul><li>Bar\u0131\u015f Park\u0131<\/li><li>\u00c7\u0131ksal\u0131n Park ve Meydan\u0131<\/li><li>Yay Park\u0131 ve Otob\u00fcs Dura\u011f\u0131<\/li><li>Piri Pa\u015fa Park\u0131<\/li><li>Abdulselam Park\u0131<\/li><li>Piri Mehmet Pa\u015fa Park\u0131<\/li><li>Aynal\u0131 Kavak Park\u0131<\/li><li>Seferikoz Zindan Arkas\u0131 Park\u0131<\/li><li>Ke\u00e7eci Piri Pa\u015fa Park\u0131<\/li><li>Cin Deresi Park\u0131<\/li><li>Kad\u0131nlar \u00c7e\u015fmesi Meydan\u0131<\/li><li>Emir Efendi \u00c7e\u015fmesi \u00d6n\u00fc Park\u0131<\/li><li>K\u0131z\u0131lay Meydan\u0131<\/li><li>Turabi Baba Meydan\u0131<\/li><li>Dikilita\u015f Park\u0131<\/li><li>De\u011firmen Arkas\u0131 Park\u0131<\/li><li>Sefa Meydan\u0131<\/li><\/ul><\/li><li>RUMEL\u0130 &amp; ANADOLU H\u0130SARLARI TAR\u0130H\u0130 ESER AYDINLATMASI<\/li><li>BAKIRK\u00d6YSPOR VAKFI \u00c7EVRE AYDINLATMASI<\/li><li>G\u00dcNG\u00d6REN MEHMET AK\u0130F KAV\u015eA\u011eI AYDINLATMASI<\/li><li>TAKS\u0130M \u0130ST\u0130KLAL CADDES\u0130 \/ \u0130STANBUL 2010 AVRUPA K\u00dcLT\u00dcR BA\u015eKENT\u0130 ETK\u0130NL\u0130KLER\u0130 KAPSAMINDA AYDINLATMASI VE S\u00dcSLEMES\u0130 \u0130\u015eLER\u0130<\/li><\/ol>\n","protected":false},"excerpt":{"rendered":"<p>M\u0130N\u0130A T\u00dcRK M\u0130N\u0130 T\u00dcRK\u0130YE PARKI PROJES\u0130 B\u00dcY\u00dcK\u015eEH\u0130R BELED\u0130YES\u0130 Park Ve Bah\u00e7eler M\u00fcd\u00fcrl\u00fc\u011f\u00fc &#8211; \u0130STANBUL &#8211; Ye\u015fil Alan , Park ve Meydan Ayd\u0131nlatmalar\u0131 Revizyonu Bar\u0131\u015f Park\u0131 \u00c7\u0131ksal\u0131n Park ve Meydan\u0131 Yay &#8230;<\/p>\n","protected":false},"author":1,"featured_media":0,"parent":0,"menu_order":0,"comment_status":"closed","ping_status":"closed","template":"","meta":[],"_links":{"self":[{"href":"http:\/\/www.protes.com.tr\/index.php\/wp-json\/wp\/v2\/pages\/1750"}],"collection":[{"href":"http:\/\/www.protes.com.tr\/index.php\/wp-json\/wp\/v2\/pages"}],"about":[{"href":"http:\/\/www.protes.com.tr\/index.php\/wp-json\/wp\/v2\/types\/page"}],"author":[{"embeddable":true,"href":"http:\/\/www.protes.com.tr\/index.php\/wp-json\/wp\/v2\/users\/1"}],"replies":[{"embeddable":true,"href":"http:\/\/www.protes.com.tr\/index.php\/wp-json\/wp\/v2\/comments?post=1750"}],"version-history":[{"count":1,"href":"http:\/\/www.protes.com.tr\/index.php\/wp-json\/wp\/v2\/pages\/1750\/revisions"}],"predecessor-version":[{"id":1752,"href":"http:\/\/www.protes.com.tr\/index.php\/wp-json\/wp\/v2\/pages\/1750\/revisions\/1752"}],"wp:attachment":[{"href":"http:\/\/www.protes.com.tr\/index.php\/wp-json\/wp\/v2\/media?parent=1750"}],"curies":[{"name":"wp","href":"https:\/\/api.w.org\/{rel}","templated":true}]}}