{"id":1743,"date":"2021-08-27T07:49:35","date_gmt":"2021-08-27T07:49:35","guid":{"rendered":"http:\/\/www.protes.com.tr\/?page_id=1743"},"modified":"2021-08-27T07:56:35","modified_gmt":"2021-08-27T07:56:35","slug":"magaza-ve-showroomlar","status":"publish","type":"page","link":"http:\/\/www.protes.com.tr\/index.php\/magaza-ve-showroomlar\/","title":{"rendered":"MA\u011eAZA VE SHOWROOMLAR"},"content":{"rendered":"\n<figure class=\"wp-block-image size-full\"><img loading=\"lazy\" width=\"990\" height=\"408\" src=\"http:\/\/www.protes.com.tr\/wp-content\/uploads\/2021\/08\/magaza-ve-showroomlar.png\" alt=\"\" class=\"wp-image-1744\" srcset=\"http:\/\/www.protes.com.tr\/wp-content\/uploads\/2021\/08\/magaza-ve-showroomlar.png 990w, http:\/\/www.protes.com.tr\/wp-content\/uploads\/2021\/08\/magaza-ve-showroomlar-300x124.png 300w, http:\/\/www.protes.com.tr\/wp-content\/uploads\/2021\/08\/magaza-ve-showroomlar-768x317.png 768w\" sizes=\"(max-width: 990px) 100vw, 990px\" \/><\/figure>\n\n\n\n<ol><li>ABBATE MA\u011eAZALARI<ul><li>Ankara Carrefour Ma\u011fazas\u0131<\/li><li>Kozyata\u011f\u0131 Carrefour Ma\u011fazas\u0131<\/li><li>Bursa Carrefour Ma\u011fazas\u0131<\/li><li>Bak\u0131rk\u00f6y Carousel Ma\u011fazas\u0131<\/li><li>Bayrampa\u015fa Outlet Center<\/li><li>K\u0131z\u0131lay Outlet Center<\/li><li>Trabzon Ma\u011fazas\u0131<\/li><li>Ba\u011fdat Cadddesi Ma\u011fazas\u0131<\/li><li>Kad\u0131k\u00f6y Natilious Ma\u011fazas\u0131<\/li><li>Capitol Ma\u011fazas\u0131<\/li><li>Merter Ma\u011fazas\u0131<\/li><li>Ankara Migros Ma\u011fazas\u0131<\/li><li>Antalya Migros Ma\u011fazas\u0131<\/li><\/ul><\/li><li>TUNA \u00c7EL\u0130K Showroom \u2013 Silivri \/ \u0130STANBUL<\/li><li>LENTE MA\u011eAZALARI<ul><li>Ankara Lente Ma\u011fazas\u0131<\/li><li>Suadiye Lente Ma\u011fazas\u0131<\/li><li>Metrocity Lente Ma\u011fazas\u0131<\/li><li>Capitol Lente Ma\u011fazas\u0131<\/li><\/ul><\/li><li>ABBATE DEPO MA\u011eAZALARI<ul><li>Ankara Eryaman Ma\u011fazas\u0131<\/li><li>Merter Ma\u011fazas\u0131<\/li><li>Colony Ma\u011fazas\u0131<\/li><li>\u00dcmraniye Ma\u011fazas\u0131<\/li><\/ul><\/li><li>BONCHIC Ma\u011fazas\u0131 \u2013 Ni\u015fanta\u015f\u0131 \/ \u0130STANBUL<\/li><li>KOOPMAN INTERNATIONAL CO. TURKEY Showroom \u2013 Dudullu \/ \u0130STANBUL<\/li><li>FON G\u0130Y\u0130M Outlet Center \u2013 Florya \/ \u0130STANBUL<\/li><li>TELS\u0130M Cep Shop \u2013 \u00c7engelk\u00f6y \/ \u0130STANBUL<\/li><li>ROMAN Giyim Ma\u011fazalar\u0131<\/li><li>VANLEE Ma\u011fazas\u0131 &#8211; Laleli \/ \u0130STANBUL<\/li><li>ALTINBA\u015e KUYUMCULUK Ma\u011fazas\u0131 \/ K\u00dcTAHYA<ul><li>TRUMP TUWERS AVM Ma\u011fazas\u0131<\/li><li>MALTEPE PARK AVM Ma\u011fazas\u0131<\/li><li>FORUM \u0130STANBUL AVM Ma\u011fazas\u0131<\/li><li>VIALAND AVM Ma\u011fazas\u0131<\/li><li>Osmanbey Ma\u011fazas\u0131<\/li><\/ul><\/li><li>D\u00d6NERC\u0130 AL\u0130 USTA RESTAURANT Ata\u015fehir \u015eubesi \/ \u0130STANBUL<\/li><\/ol>\n","protected":false},"excerpt":{"rendered":"<p>ABBATE MA\u011eAZALARI Ankara Carrefour Ma\u011fazas\u0131 Kozyata\u011f\u0131 Carrefour Ma\u011fazas\u0131 Bursa Carrefour Ma\u011fazas\u0131 Bak\u0131rk\u00f6y Carousel Ma\u011fazas\u0131 Bayrampa\u015fa Outlet Center K\u0131z\u0131lay Outlet Center Trabzon Ma\u011fazas\u0131 Ba\u011fdat Cadddesi Ma\u011fazas\u0131 Kad\u0131k\u00f6y Natilious Ma\u011fazas\u0131 Capitol Ma\u011fazas\u0131 &#8230;<\/p>\n","protected":false},"author":1,"featured_media":0,"parent":0,"menu_order":0,"comment_status":"closed","ping_status":"closed","template":"","meta":[],"_links":{"self":[{"href":"http:\/\/www.protes.com.tr\/index.php\/wp-json\/wp\/v2\/pages\/1743"}],"collection":[{"href":"http:\/\/www.protes.com.tr\/index.php\/wp-json\/wp\/v2\/pages"}],"about":[{"href":"http:\/\/www.protes.com.tr\/index.php\/wp-json\/wp\/v2\/types\/page"}],"author":[{"embeddable":true,"href":"http:\/\/www.protes.com.tr\/index.php\/wp-json\/wp\/v2\/users\/1"}],"replies":[{"embeddable":true,"href":"http:\/\/www.protes.com.tr\/index.php\/wp-json\/wp\/v2\/comments?post=1743"}],"version-history":[{"count":3,"href":"http:\/\/www.protes.com.tr\/index.php\/wp-json\/wp\/v2\/pages\/1743\/revisions"}],"predecessor-version":[{"id":1749,"href":"http:\/\/www.protes.com.tr\/index.php\/wp-json\/wp\/v2\/pages\/1743\/revisions\/1749"}],"wp:attachment":[{"href":"http:\/\/www.protes.com.tr\/index.php\/wp-json\/wp\/v2\/media?parent=1743"}],"curies":[{"name":"wp","href":"https:\/\/api.w.org\/{rel}","templated":true}]}}