{"id":1735,"date":"2021-08-27T07:30:45","date_gmt":"2021-08-27T07:30:45","guid":{"rendered":"http:\/\/www.protes.com.tr\/?page_id=1735"},"modified":"2021-08-27T07:30:45","modified_gmt":"2021-08-27T07:30:45","slug":"ofis-binalari","status":"publish","type":"page","link":"http:\/\/www.protes.com.tr\/index.php\/ofis-binalari\/","title":{"rendered":"OF\u0130S B\u0130NALARI"},"content":{"rendered":"\n<figure class=\"wp-block-image size-large\"><img loading=\"lazy\" width=\"1024\" height=\"212\" src=\"http:\/\/www.protes.com.tr\/wp-content\/uploads\/2021\/08\/ofis-binalari-1024x212.png\" alt=\"\" class=\"wp-image-1736\" srcset=\"http:\/\/www.protes.com.tr\/wp-content\/uploads\/2021\/08\/ofis-binalari-1024x212.png 1024w, http:\/\/www.protes.com.tr\/wp-content\/uploads\/2021\/08\/ofis-binalari-300x62.png 300w, http:\/\/www.protes.com.tr\/wp-content\/uploads\/2021\/08\/ofis-binalari-768x159.png 768w, http:\/\/www.protes.com.tr\/wp-content\/uploads\/2021\/08\/ofis-binalari-1536x318.png 1536w, http:\/\/www.protes.com.tr\/wp-content\/uploads\/2021\/08\/ofis-binalari.png 1746w\" sizes=\"(max-width: 1024px) 100vw, 1024px\" \/><\/figure>\n\n\n\n<ol><li>\u0130LK UMUT \u0130N\u015eAAT A. \u015e. Genel M\u00fcd\u00fcrl\u00fck Binas\u0131 &#8211; Nakka\u015ftepe \/ \u0130STANBUL<\/li><li>PROCTER &amp; GAMBLE \u0130dari Ofisler \u2013 \u015eekerp\u0131nar \/ GEBZE<\/li><li>EREN TALU B\u0130NASI 1-6-7-9. Katlar Ofis Tadilat\u0131 \u2013 Levent \/ \u0130STANBUL<\/li><li>REAL H\u0130PERMARKETLER GRUBU MSS Ofisi \u2013 G\u00fcne\u015fli \/ \u0130STANBUL<\/li><li>MARUBENI CO. Genel M\u00fcd\u00fcrl\u00fck Ofisi \u2013 \u00d6zsezen \u0130\u015f Merkezi &#8211; Zincirlikuyu \/ \u0130ST<\/li><li>KOOPMAN INT. CO. TURKEY Genel M\u00fcd\u00fcrl\u00fck Binas\u0131 \u2013 Dudullu \/ \u0130ST<\/li><li>SUMITOMO CO. Baby Giz Plaza Genel M\u00fcd\u00fcrl\u00fck Ofisi \u2013 Maslak \/ \u0130STANBUL<\/li><li>SIAR S\u0130GORTACILIK Ofisi \u2013 Levent \/ \u0130STANBUL<\/li><li>AYBER AK\u015e\u0130T \u0130\u015e MERKEZ\u0130 \u2013 Fulya \/ \u0130STANBUL<\/li><li>HACI AYVAZ \u0130DAR\u0130 OF\u0130S B\u0130NASI \u2013 Had\u0131mk\u00f6y \/ \u0130STANBUL<\/li><li>\u00d6ZYAPI \u0130N\u015eAAT A.\u015e. GENEL M\u00dcD\u00dcRL\u00dcK B\u0130NASI &#8211; \u0130ZM\u0130T<\/li><li>ARSAN \u0130N\u015e. A.\u015e. GENEL M\u00dcD\u00dcRL\u00dcK B\u0130NASI &#8211; Maltepe \/ \u0130STANBUL<\/li><li>STATOIL CO. YKK Binas\u0131 Genel M\u00fcd\u00fcrl\u00fck Ofisi \u2013 Levent \/ \u0130STANBUL<\/li><li>TUNA \u00c7EL\u0130K \u0130dari Ofisler \u2013 Silivri \/ \u0130STANBUL<\/li><li>TRENDTEX Merkez Ofisi \u2013 Ye\u015filyurt \/ \u0130STANBUL<\/li><li>END PRODUCTION \u0130dari Ofisi \u2013 Gayrettepe \/ \u0130STANBUL<\/li><li>FON G\u0130Y\u0130M \u0130dari Ofis Binas\u0131 \u2013 Florya \/ \u0130STANBUL<\/li><li>DEKORAL M\u0130MARLIK D\u00fcnya Ticaret Merk. \u0130dari Ofisi \u2013 Ye\u015filk\u00f6y \/ \u0130STANBUL<\/li><li>TEM\u0130ZEL TUR\u0130ZM A.\u015e. D\u00fcnya Ticaret Merk. \u0130dari Ofisi \u2013 Ye\u015filk\u00f6y \/ \u0130STANBUL<\/li><li>MAYADROM TOWER Muhtelif Ofis Katlar\u0131 \u2013 Akatlar \/ \u0130STANBUL<\/li><li>OYTEK Oyak Teknoloji Merkezi \u2013 Gayrettepe \/ \u0130STANBUL<\/li><li>OYTEK Oyak Teknoloji Merkezi Polat Plaza Ofisi \u2013 Levent \/ \u0130STANBUL<\/li><li>LAYTEKS \u0130stanbul Ofisi &#8211; G\u00fcne\u015fli \/ \u0130STANBUL<\/li><li>TURYAP A.\u015e. Genel M\u00fcd\u00fcrl\u00fc\u011f\u00fc METROCITY Levent \/ \u0130STANBUL<\/li><li>LAYTEKS \u0130stanbul Ofisi &#8211; Maslak \/ \u0130STANBUL<\/li><li>TURYAP GENEL M\u00dcD\u00dcRL\u00dc\u011e\u00dc \/ METROCITY<\/li><li>TURYAP GENEL M\u00dcD\u00dcRL\u00dc\u011e\u00dc II \/ \u015e\u0130\u015eL\u0130 PLAZA<\/li><li>HEDEF F\u0130LO H\u0130ZMETLER\u0130 \/ \u015e\u0130\u015eL\u0130 PLAZA<\/li><li>NECKERMANN \u0130STANBUL OF\u0130S\u0130 \/ \u015e\u0130\u015eL\u0130 PLAZA<\/li><li>EXPERIAN T\u00dcRK\u0130YE OF\u0130S\u0130 \/ METROCITY<\/li><li>DEPOPRINT LEVENT OF\u0130S\u0130 \/ \u0130STANBUL<\/li><li>\u0130STANBUL \u0130L AFET Y\u00d6NET\u0130M B\u0130NASI \/ \u0130STANBUL<\/li><li>\u0130STANBUL PROJE KOORD\u0130NASYON B\u0130R\u0130M\u0130 Beyaz\u0131t \/ \u0130STANBUL<\/li><li>DACEL M\u00dcHEND\u0130SL\u0130K TEKST\u0130LKENT OF\u0130S\u0130 Esenler \/ \u0130STANBUL<\/li><li>TURYAP A.\u015e. LEVENT METRO METRO \u00c7AR\u015eI PAZAR AVM<ul><li>Levent Metro \u0130stasyonu \u00c7ar\u015f\u0131s\u0131 Komple Elektrik Tesisat\u0131 \u0130\u015fleri ( Kuvveti Ak\u0131m , Zay\u0131f Ak\u0131m Tesisatlar\u0131)<\/li><\/ul><\/li><li>LOOMIS G\u00dcVENL\u0130K S\u0130STEMLER\u0130<ul><li>Maslak Oto Sanayi\/ \u0130stanbul Ofisi<\/li><li>Dikilita\u015f \/ \u0130stanbul Ofisi<\/li><li>Kozyata\u011f\u0131 \/ \u0130stanbul Ofisi<\/li><li>Ankara Ofisi<\/li><li>\u0130zmit Ofisi<\/li><\/ul><\/li><\/ol>\n","protected":false},"excerpt":{"rendered":"<p>\u0130LK UMUT \u0130N\u015eAAT A. \u015e. Genel M\u00fcd\u00fcrl\u00fck Binas\u0131 &#8211; Nakka\u015ftepe \/ \u0130STANBUL PROCTER &amp; GAMBLE \u0130dari Ofisler \u2013 \u015eekerp\u0131nar \/ GEBZE EREN TALU B\u0130NASI 1-6-7-9. Katlar Ofis Tadilat\u0131 \u2013 Levent &#8230;<\/p>\n","protected":false},"author":1,"featured_media":0,"parent":0,"menu_order":0,"comment_status":"closed","ping_status":"closed","template":"","meta":[],"_links":{"self":[{"href":"http:\/\/www.protes.com.tr\/index.php\/wp-json\/wp\/v2\/pages\/1735"}],"collection":[{"href":"http:\/\/www.protes.com.tr\/index.php\/wp-json\/wp\/v2\/pages"}],"about":[{"href":"http:\/\/www.protes.com.tr\/index.php\/wp-json\/wp\/v2\/types\/page"}],"author":[{"embeddable":true,"href":"http:\/\/www.protes.com.tr\/index.php\/wp-json\/wp\/v2\/users\/1"}],"replies":[{"embeddable":true,"href":"http:\/\/www.protes.com.tr\/index.php\/wp-json\/wp\/v2\/comments?post=1735"}],"version-history":[{"count":1,"href":"http:\/\/www.protes.com.tr\/index.php\/wp-json\/wp\/v2\/pages\/1735\/revisions"}],"predecessor-version":[{"id":1737,"href":"http:\/\/www.protes.com.tr\/index.php\/wp-json\/wp\/v2\/pages\/1735\/revisions\/1737"}],"wp:attachment":[{"href":"http:\/\/www.protes.com.tr\/index.php\/wp-json\/wp\/v2\/media?parent=1735"}],"curies":[{"name":"wp","href":"https:\/\/api.w.org\/{rel}","templated":true}]}}