{"id":1732,"date":"2021-08-27T07:07:20","date_gmt":"2021-08-27T07:07:20","guid":{"rendered":"http:\/\/www.protes.com.tr\/?page_id=1732"},"modified":"2021-08-27T07:07:21","modified_gmt":"2021-08-27T07:07:21","slug":"taahhut-referanslari-bankalar-2","status":"publish","type":"page","link":"http:\/\/www.protes.com.tr\/index.php\/taahhut-referanslari-bankalar-2\/","title":{"rendered":"TAAHH\u00dcT REFERANSLARI &#8211; BANKALAR"},"content":{"rendered":"\n<figure class=\"wp-block-image size-large\"><img loading=\"lazy\" width=\"1024\" height=\"424\" src=\"http:\/\/www.protes.com.tr\/wp-content\/uploads\/2021\/08\/taahhut-referanslari-bankalar-1-1024x424.png\" alt=\"\" class=\"wp-image-1733\" srcset=\"http:\/\/www.protes.com.tr\/wp-content\/uploads\/2021\/08\/taahhut-referanslari-bankalar-1-1024x424.png 1024w, http:\/\/www.protes.com.tr\/wp-content\/uploads\/2021\/08\/taahhut-referanslari-bankalar-1-300x124.png 300w, http:\/\/www.protes.com.tr\/wp-content\/uploads\/2021\/08\/taahhut-referanslari-bankalar-1-768x318.png 768w, http:\/\/www.protes.com.tr\/wp-content\/uploads\/2021\/08\/taahhut-referanslari-bankalar-1.png 1190w\" sizes=\"(max-width: 1024px) 100vw, 1024px\" \/><\/figure>\n\n\n\n<ol><li>VAKIFLAR BANKASI Maslak \u015eubesi \u2013 \u0130STANBUL<\/li><li>VAKIFLAR BANKASI Bah\u00e7ekap\u0131 \u015eubesi \u2013 \u0130STANBUL<\/li><li>YAPI KRED\u0130 BANKASI Kaynarca \u015eubesi \u2013 \u0130STANBUL<\/li><li>T\u00dcRK\u0130YE \u0130\u015e BANKASI Derince \u015eubesi \u2013 Derince \/ \u0130ZM\u0130T<\/li><li>OYAKBANK Gelibolu \u015eubesi \u2013 \u00c7ANAKKALE<\/li><li>T\u00dcRK EKONOM\u0130 BANKASI Harbiye \u015eubesi \u2013 \u0130STANBUL<\/li><li>AKBANK \u00d6ZEL BANKACILIK \u015eUBELER\u0130<ul><li>Suadiye \u015eubesi \u2013 \u0130STANBUL<\/li><li>Ankara \u015eubesi \u2013 ANKARA<\/li><\/ul><\/li><li>PAMUKBANK T.A.\u015e. \u015eUBELER\u0130<ul><li>P\u0131narba\u015f\u0131 \u015eubesi \u2013 \u0130ZM\u0130R<\/li><li>Yeni G\u00fcne\u015fli \u015eubesi \u2013 \u0130STANBUL<\/li><li>\u00c7ukurova \u015eubesi \u2013 ADANA<\/li><li>Sefak\u00f6y \u015eubesi \u2013 \u0130STANBUL<\/li><li>Etiler \u015eubesi \u2013 \u0130STANBUL<\/li><li>\u015ei\u015fli \u015eubesi \u2013 \u0130STANBUL<\/li><li>Maltepe \u015eubesi \u2013 \u0130STANBUL<\/li><li>Kazasker \u015eubesi \u2013 \u0130STANBUL<\/li><li>Ulus \u015eubesi \u2013 ANKARA<\/li><li>Sirkeci \u015eubesi \u2013 \u0130STANBUL<\/li><li>Denizli Merkez \u015eubesi \u2013 DEN\u0130ZL\u0130<\/li><li>Kayseri Merkez \u015eubesi \u2013 KAYSER\u0130<\/li><li>Erciyes Tahsilat \u015eubesi \u2013 KAYSER\u0130<\/li><li>Kad\u0131k\u00f6y Tahsilat \u015eubesi \u2013 \u0130STANBUL<\/li><li>Avc\u0131lar \u015eubesi \u2013 \u0130STANBUL<\/li><li>Aksaray \u015eubesi \u2013 \u0130STANBUL<\/li><\/ul><\/li><li>Finansbank Ankara B\u00f6lge M\u00fcd\u00fcrl\u00fck Ofisi<\/li><\/ol>\n","protected":false},"excerpt":{"rendered":"<p>VAKIFLAR BANKASI Maslak \u015eubesi \u2013 \u0130STANBUL VAKIFLAR BANKASI Bah\u00e7ekap\u0131 \u015eubesi \u2013 \u0130STANBUL YAPI KRED\u0130 BANKASI Kaynarca \u015eubesi \u2013 \u0130STANBUL T\u00dcRK\u0130YE \u0130\u015e BANKASI Derince \u015eubesi \u2013 Derince \/ \u0130ZM\u0130T OYAKBANK Gelibolu &#8230;<\/p>\n","protected":false},"author":1,"featured_media":0,"parent":0,"menu_order":0,"comment_status":"closed","ping_status":"closed","template":"","meta":[],"_links":{"self":[{"href":"http:\/\/www.protes.com.tr\/index.php\/wp-json\/wp\/v2\/pages\/1732"}],"collection":[{"href":"http:\/\/www.protes.com.tr\/index.php\/wp-json\/wp\/v2\/pages"}],"about":[{"href":"http:\/\/www.protes.com.tr\/index.php\/wp-json\/wp\/v2\/types\/page"}],"author":[{"embeddable":true,"href":"http:\/\/www.protes.com.tr\/index.php\/wp-json\/wp\/v2\/users\/1"}],"replies":[{"embeddable":true,"href":"http:\/\/www.protes.com.tr\/index.php\/wp-json\/wp\/v2\/comments?post=1732"}],"version-history":[{"count":1,"href":"http:\/\/www.protes.com.tr\/index.php\/wp-json\/wp\/v2\/pages\/1732\/revisions"}],"predecessor-version":[{"id":1734,"href":"http:\/\/www.protes.com.tr\/index.php\/wp-json\/wp\/v2\/pages\/1732\/revisions\/1734"}],"wp:attachment":[{"href":"http:\/\/www.protes.com.tr\/index.php\/wp-json\/wp\/v2\/media?parent=1732"}],"curies":[{"name":"wp","href":"https:\/\/api.w.org\/{rel}","templated":true}]}}