{"id":1674,"date":"2021-08-27T06:18:40","date_gmt":"2021-08-27T06:18:40","guid":{"rendered":"http:\/\/www.protes.com.tr\/?page_id=1674"},"modified":"2021-08-27T06:49:19","modified_gmt":"2021-08-27T06:49:19","slug":"proje-referanslari-2","status":"publish","type":"page","link":"http:\/\/www.protes.com.tr\/index.php\/proje-referanslari-2\/","title":{"rendered":"Proje Referanslar\u0131"},"content":{"rendered":"\n<figure class=\"wp-block-image size-large\"><img loading=\"lazy\" width=\"1024\" height=\"424\" src=\"http:\/\/www.protes.com.tr\/wp-content\/uploads\/2021\/08\/proje-referanslari-1-1024x424.png\" alt=\"\" class=\"wp-image-1722\" srcset=\"http:\/\/www.protes.com.tr\/wp-content\/uploads\/2021\/08\/proje-referanslari-1-1024x424.png 1024w, http:\/\/www.protes.com.tr\/wp-content\/uploads\/2021\/08\/proje-referanslari-1-300x124.png 300w, http:\/\/www.protes.com.tr\/wp-content\/uploads\/2021\/08\/proje-referanslari-1-768x318.png 768w, http:\/\/www.protes.com.tr\/wp-content\/uploads\/2021\/08\/proje-referanslari-1.png 1192w\" sizes=\"(max-width: 1024px) 100vw, 1024px\" \/><\/figure>\n\n\n\n<ol><li>PROCTER &amp; GAMBLE \u2013 \u015eekerp\u0131nar \/ GEBZE : \u0130dari Ofis Binalar\u0131 K.A. ve Z.A. Elektrik Projesi<\/li><li>\u015eARAB\u0130 RESTAURANT &amp; CAFE \u2013 Beyo\u011flu \/ \u0130STANBUL : K.A. ve Z.A. Elektrik Projesi<\/li><li>HACI AYVAZ FABR\u0130KA B\u0130NASI \u2013 Had\u0131mk\u00f6y \/ \u0130STANBUL : K.A. ve Z.A. Elektrik Projesi ( 40000 m2 )<\/li><li>HACI AYVAZ \u0130DAR\u0130 OF\u0130S B\u0130NASI \u2013 Had\u0131mk\u00f6y \/ \u0130STANBUL : K.A. ve Z.A. Elektrik Projesi ( 3000 m2 )<\/li><li>BO\u011eAZ\u0130\u00c7\u0130 \u00dcN\u0130VERS\u0130TES\u0130 Natuk Birkan Binas\u0131 \u2013 Bebek \/ \u0130STANBUL : K.A. ve Z.A. Elektrik Projesi ( 2100 m2 )<\/li><li>AYBER AK\u015e\u0130T \u0130\u015e MERKEZ\u0130 \u2013 Fulya \/ \u0130STANBUL : A.G. , O.G. ve Z.A. Elektrik, Projesi ( 11500 m2 )<\/li><li>JANDARMA KOMUTANLI\u011eI ATI\u015e POL\u0130GONU \u2013 ANKARA : K.A. ve Z.A. Elektrik Projesi ( 1250 m2 )<\/li><li>GT MOBILE SWITCH CENTER B\u0130NASI \u2013 T\u0130FL\u0130S \/ G\u00dcRC\u0130STAN : K.A. ve Z.A. Elektrik Projesi ( 2880 m2 )<\/li><li>TEVER \u0130\u015e MERKEZ\u0130 \u2013 \u00dcmraniye \/ \u0130STANBUL : K.A. ve Z.A. Elektrik Projesi ( 9000 m2 )<\/li><li>PAMUKBANK T.A.\u015e. \u015eUBE PROJELER\u0130 : K.A. ve Z.A. Elektrik Projeleri<\/li><li>BANDIRMA EVLER\u0130 V\u0130LLA PROJES\u0130 \u2013 BANDIRMA : K.A. ve Z.A. Elektrik, Projesi ( 22 x 450 m2 )<\/li><li>END PRODUCTION \u2013 Gayrettepe \/ \u0130STANBUL : Ofis Ayd\u0131nlatma Sistemleri Projesi<\/li><li>ROSTEKS TEKST\u0130L MERKEZ OF\u0130S\u0130 \u2013 Sultan\u00e7iftli\u011fi \/ \u0130STANBUL : K.A. ve Z.A. Elektrik Projesi ( 1400 m2 )<\/li><li>SABANCI \u00dcN\u0130VERS\u0130TES\u0130 &#8211; Tuzla \/ \u0130STANBUL : Uygulama Projeleri<\/li><li>BUTT\u0130M ULUSLARARASI TEKST\u0130L T\u0130CARET MERKEZ\u0130 &#8211; BURSA : Uygulama Projeleri<\/li><li>ESK\u0130\u015eEH\u0130R HAVAL\u0130MANI P\u0130ST AYDINLATMA &#8211; ESK\u0130\u015eEH\u0130R : Uygulama Projeleri<\/li><li>\u00c7ORLU HAVAL\u0130MANI APRON VE TERM\u0130NAL B\u0130NASI &#8211; \u00c7orlu \/ TEK\u0130RDA\u011e : Uygulama Projeleri<\/li><li>TARSUS &#8211; POZANTI OTOYOLU AYDINLATMA : Uygulama Projeleri<\/li><li>GAZ\u0130ANTEP &#8211; \u015eANLIURFA OTOYOLU AYDINLATMA : Uygulama Projeleri<\/li><li>GARANT\u0130 BANKASI A.\u015e. : Ankara ve Bursa B\u00f6lge M\u00fcd\u00fcrl\u00fck Binalar\u0131 K.A. Ve Z.A. Projeleri<\/li><li>RUMEL\u0130 VE ANADOLU H\u0130SARLARI : Rumeli ve Anadolu Hisarlar\u0131 Tarihi Eser Ayd\u0131nlatma Projeleri<\/li><li>BOSAL &#8211; M\u0130MARSAN : Bosal &#8211; Mimaysan Gebze Fabrikas\u0131 K.A ve Z.A Projeleri<\/li><li>\u0130ZM\u0130R \u00c7EVREYOLU AYDINLATMA : Uygulama Projeleri<\/li><li>ERB\u0130L DEVLET KONUKEV\u0130 ( IRAK ) : Uygulama Projeleri<\/li><li>ATA\u015eEH\u0130R MER\u0130T LIFE G\u00d6L KONAKLARI : Uygulama Projeleri<\/li><li>\u00d6\u011eRETMENLER HASTANES\u0130 : Uygulama Projeleri<\/li><li>S\u00dcZER PLAZA : 25 ve 26 Katlar Uygulama Projeleri<\/li><li>MARMARA \u00dcN\u0130VERS\u0130TES\u0130 \u0130LAH\u0130YAT FAK\u00dcLTES\u0130 : Uygulama Projeleri<\/li><li>KONUKO\u011eLU YALISI : Uygulama Projeleri<\/li><li>CASTLE BLAIR \u0130STANBUL OF\u0130S\u0130 : Uygulama Projeleri<\/li><li>TURYAP GENEL M\u00dcD\u00dcRL\u00dc\u011e\u00dc \/ METROCITY : Uygulama Projeleri<\/li><li>TURYAP GENEL M\u00dcD\u00dcRL\u00dc\u011e\u00dc \/ \u015e\u0130\u015eL\u0130 PLAZA : Uygulama Projeleri<\/li><li>POLAT \u0130\u015e MERKEZ\u0130 \/ \u0130K\u0130TELL\u0130 : Uygulama Projeleri<\/li><li>POYRAZ &#8211; AKT\u0130M \u0130\u015e MERKEZ\u0130 \/ \u015e\u0130\u015eL\u0130 : Uygulama Projeleri<\/li><li>MAYA \u0130\u015e MERKEZ\u0130 \/ ET\u0130LER : Uygulama Projeleri<\/li><li>\u00c7ELEB\u0130 HAVA SERV\u0130S\u0130 ATAT\u00dcRK HAVAL\u0130MANI H\u0130ZMET B\u0130NASI : Uygulama Projeleri<\/li><li>GEBZE &#8211; \u0130ZM\u0130R OTOYOLU GEBZE ORHANGAZ\u0130 KES\u0130M\u0130 : Uygulama Projeleri<\/li><li>GEBZE &#8211; \u0130ZM\u0130R OTOYOLUSUSURLUK BALIKES\u0130R KES\u0130M\u0130 : Uygulama Projeleri<\/li><\/ol>\n","protected":false},"excerpt":{"rendered":"<p>PROCTER &amp; GAMBLE \u2013 \u015eekerp\u0131nar \/ GEBZE : \u0130dari Ofis Binalar\u0131 K.A. ve Z.A. Elektrik Projesi \u015eARAB\u0130 RESTAURANT &amp; CAFE \u2013 Beyo\u011flu \/ \u0130STANBUL : K.A. ve Z.A. Elektrik Projesi &#8230;<\/p>\n","protected":false},"author":1,"featured_media":0,"parent":0,"menu_order":0,"comment_status":"closed","ping_status":"closed","template":"","meta":[],"_links":{"self":[{"href":"http:\/\/www.protes.com.tr\/index.php\/wp-json\/wp\/v2\/pages\/1674"}],"collection":[{"href":"http:\/\/www.protes.com.tr\/index.php\/wp-json\/wp\/v2\/pages"}],"about":[{"href":"http:\/\/www.protes.com.tr\/index.php\/wp-json\/wp\/v2\/types\/page"}],"author":[{"embeddable":true,"href":"http:\/\/www.protes.com.tr\/index.php\/wp-json\/wp\/v2\/users\/1"}],"replies":[{"embeddable":true,"href":"http:\/\/www.protes.com.tr\/index.php\/wp-json\/wp\/v2\/comments?post=1674"}],"version-history":[{"count":6,"href":"http:\/\/www.protes.com.tr\/index.php\/wp-json\/wp\/v2\/pages\/1674\/revisions"}],"predecessor-version":[{"id":1725,"href":"http:\/\/www.protes.com.tr\/index.php\/wp-json\/wp\/v2\/pages\/1674\/revisions\/1725"}],"wp:attachment":[{"href":"http:\/\/www.protes.com.tr\/index.php\/wp-json\/wp\/v2\/media?parent=1674"}],"curies":[{"name":"wp","href":"https:\/\/api.w.org\/{rel}","templated":true}]}}